{"id":51,"date":"2020-03-27T09:03:05","date_gmt":"2020-03-27T09:03:05","guid":{"rendered":"http:\/\/localhost\/projects\/Neve-music-band\/?page_id=51"},"modified":"2024-08-05T14:49:33","modified_gmt":"2024-08-05T14:49:33","slug":"b56e6-home","status":"publish","type":"page","link":"https:\/\/ripplemixaudio.com\/nb\/","title":{"rendered":"RIPPLEMIX AUDIO"},"content":{"rendered":"<div id=\"wp-block-themeisle-blocks-advanced-columns-140745f7\" class=\"wp-block-themeisle-blocks-advanced-columns alignfull has-1-columns has-desktop-equal-layout has-tablet-equal-layout has-mobile-collapsedRows-layout has-vertical-unset\"><div class=\"wp-block-themeisle-blocks-advanced-columns-overlay\"><\/div><div class=\"innerblocks-wrap\">\n<div id=\"wp-block-themeisle-blocks-advanced-column-de46115f\" class=\"wp-block-themeisle-blocks-advanced-column\"><div class=\"wp-block-themeisle-blocks-advanced-column-overlay\"><\/div>\n<h1 id=\"wp-block-themeisle-blocks-advanced-heading-f537e6a0\" class=\"wp-block-themeisle-blocks-advanced-heading wp-block-themeisle-blocks-advanced-heading-f537e6a0\">ripplemix audio<\/h1>\n\n\n\n<p class=\"has-nv-text-dark-bg-color has-text-color\">Miksing og Mastering studio basert i Oslo, Norge.<\/p>\n<\/div>\n<\/div><\/div>\n\n\n\n<div id=\"wp-block-themeisle-blocks-advanced-columns-4d0adf82\" class=\"wp-block-themeisle-blocks-advanced-columns alignfull has-1-columns has-desktop-equal-layout has-tablet-equal-layout has-mobile-equal-layout has-vertical-unset has-light-bg\"><div class=\"wp-block-themeisle-blocks-advanced-columns-overlay\"><\/div><div class=\"innerblocks-wrap\">\n<div id=\"wp-block-themeisle-blocks-advanced-column-09fff674\" class=\"wp-block-themeisle-blocks-advanced-column\">\n<span id=\"wp-block-themeisle-blocks-advanced-heading-c374a328\" class=\"wp-block-themeisle-blocks-advanced-heading wp-block-themeisle-blocks-advanced-heading-c374a328\"><strong> MEET THE ENGINEERS<\/strong><\/span>\n\n\n\n<h2 id=\"wp-block-themeisle-blocks-advanced-heading-bc6c8e6a\" class=\"wp-block-themeisle-blocks-advanced-heading wp-block-themeisle-blocks-advanced-heading-bc6c8e6a\"> OUR TEAM<\/h2>\n<\/div>\n<\/div><\/div>\n\n\n\n<div id=\"wp-block-themeisle-blocks-advanced-columns-171167ad\" class=\"wp-block-themeisle-blocks-advanced-columns alignfull has-2-columns has-desktop-equal-layout has-tablet-equal-layout has-mobile-collapsedRows-layout has-vertical-unset\"><div class=\"wp-block-themeisle-blocks-advanced-columns-overlay\"><\/div><div class=\"innerblocks-wrap\">\n<div id=\"wp-block-themeisle-blocks-advanced-column-1d6710f9\" class=\"wp-block-themeisle-blocks-advanced-column\"><div class=\"wp-block-image is-style-default\">\n<figure class=\"aligncenter size-large is-resized\"><img fetchpriority=\"high\" decoding=\"async\" width=\"1920\" height=\"2560\" src=\"https:\/\/mlt699vgzn0m.i.optimole.com\/w:auto\/h:auto\/q:mauto\/ig:avif\/https:\/\/ripplemixaudio.com\/wp-content\/uploads\/2024\/02\/IMG_6982-edited-3-scaled.jpg\" alt=\"Portrait of Aksel Krystad, a Mixing &amp; Mastering engineer at RippleMix Audio.\" class=\"wp-image-428\" style=\"width:270px;height:auto\" srcset=\"https:\/\/mlt699vgzn0m.i.optimole.com\/w:auto\/h:auto\/q:mauto\/ig:avif\/https:\/\/ripplemixaudio.com\/wp-content\/uploads\/2024\/02\/IMG_6982-edited-3-scaled.jpg 1920w, https:\/\/mlt699vgzn0m.i.optimole.com\/w:225\/h:300\/q:mauto\/ig:avif\/https:\/\/ripplemixaudio.com\/wp-content\/uploads\/2024\/02\/IMG_6982-edited-3.jpg 225w, https:\/\/mlt699vgzn0m.i.optimole.com\/w:768\/h:1024\/q:mauto\/ig:avif\/https:\/\/ripplemixaudio.com\/wp-content\/uploads\/2024\/02\/IMG_6982-edited-3.jpg 768w, https:\/\/mlt699vgzn0m.i.optimole.com\/w:810\/h:1080\/q:mauto\/ig:avif\/https:\/\/ripplemixaudio.com\/wp-content\/uploads\/2024\/02\/IMG_6982-edited-3.jpg 1152w, https:\/\/mlt699vgzn0m.i.optimole.com\/w:810\/h:1080\/q:mauto\/ig:avif\/https:\/\/ripplemixaudio.com\/wp-content\/uploads\/2024\/02\/IMG_6982-edited-3.jpg 1536w\" sizes=\"(max-width: 1920px) 100vw, 1920px\" \/><\/figure>\n<\/div>\n\n\n<div style=\"height:16px\" aria-hidden=\"true\" class=\"wp-block-spacer\"><\/div>\n\n\n\n<h3 id=\"wp-block-themeisle-blocks-advanced-heading-a68caf95\" class=\"wp-block-themeisle-blocks-advanced-heading wp-block-themeisle-blocks-advanced-heading-a68caf95\">AKSEL<\/h3>\n\n\n\n<h2 class=\"wp-block-heading has-text-align-center has-neve-text-color-color has-text-color has-small-font-size\">Miksing \/ mastering<\/h2>\n\n\n\n<p class=\"has-text-align-left\" style=\"font-size:13px\">Meet Aksel Krystad: with 15 years of rich experience in the music industry. Aksel is a versatile talent, excelling as a producer, a mixing\/mastering engineer, and a skilled musician proficient in both piano and guitar. His impressive portfolio boasts over <br>10 million streams on various digital streaming platforms. Aksel has collaborated with a diverse array of artists, including notable names such as Ram\u00f3n, Randi Oline, L\u00fap\u00edna, Tiril, and Zueva. With a passion for bringing out the best in every musical piece, Aksel Krystad is dedicated to elevating the sonic experience for both established and emerging artists alike.<\/p>\n<\/div>\n\n\n\n<div id=\"wp-block-themeisle-blocks-advanced-column-985b6b4a\" class=\"wp-block-themeisle-blocks-advanced-column\"><div class=\"wp-block-image\">\n<figure class=\"aligncenter size-large is-resized\"><img fetchpriority=\"high\" decoding=\"async\" width=\"1919\" height=\"2560\" src=\"https:\/\/mlt699vgzn0m.i.optimole.com\/w:auto\/h:auto\/q:mauto\/ig:avif\/https:\/\/ripplemixaudio.com\/wp-content\/uploads\/2024\/02\/IMG_6988-edited-1-scaled.jpg\" alt=\"Portrait of Grimur Einarsson, a Mixing &amp; Mastering engineer at RippleMix Audio.\" class=\"wp-image-430\" style=\"width:270px\" srcset=\"https:\/\/mlt699vgzn0m.i.optimole.com\/w:auto\/h:auto\/q:mauto\/ig:avif\/https:\/\/ripplemixaudio.com\/wp-content\/uploads\/2024\/02\/IMG_6988-edited-1-scaled.jpg 1919w, https:\/\/mlt699vgzn0m.i.optimole.com\/w:225\/h:300\/q:mauto\/ig:avif\/https:\/\/ripplemixaudio.com\/wp-content\/uploads\/2024\/02\/IMG_6988-edited-1.jpg 225w, https:\/\/mlt699vgzn0m.i.optimole.com\/w:768\/h:1024\/q:mauto\/ig:avif\/https:\/\/ripplemixaudio.com\/wp-content\/uploads\/2024\/02\/IMG_6988-edited-1.jpg 768w, https:\/\/mlt699vgzn0m.i.optimole.com\/w:810\/h:1080\/q:mauto\/ig:avif\/https:\/\/ripplemixaudio.com\/wp-content\/uploads\/2024\/02\/IMG_6988-edited-1.jpg 1152w, https:\/\/mlt699vgzn0m.i.optimole.com\/w:809\/h:1080\/q:mauto\/ig:avif\/https:\/\/ripplemixaudio.com\/wp-content\/uploads\/2024\/02\/IMG_6988-edited-1.jpg 1535w\" sizes=\"(max-width: 1919px) 100vw, 1919px\" \/><\/figure>\n<\/div>\n\n\n<div style=\"height:16px\" aria-hidden=\"true\" class=\"wp-block-spacer\"><\/div>\n\n\n\n<h3 id=\"wp-block-themeisle-blocks-advanced-heading-13b21b64\" class=\"wp-block-themeisle-blocks-advanced-heading wp-block-themeisle-blocks-advanced-heading-13b21b64\">GRIMUR <\/h3>\n\n\n\n<h2 class=\"wp-block-heading has-text-align-center has-neve-text-color-color has-text-color has-small-font-size\">Miksing \/ mastering<\/h2>\n\n\n\n<p style=\"font-size:13px\">Meet Grimur Einarsson, a producer, mix, and master engineer with 7+ years of experience in the music industry. Grimur has collaborated with artists like Randi Oline, l\u00fap\u00edna, and more. Specializing in hip hop, pop, and electronic dance music, Grimur brings technical skill and musical talent to every project. With an ear for detail and a passion for perfection, he elevates tracks to their fullest potential through precise mixing and mastering. Trusted by artists for his dedication and collaborative approach, Grimur is committed to bringing out the best in every project.<\/p>\n<\/div>\n<\/div><\/div>\n\n\n\n<div id=\"wp-block-themeisle-blocks-advanced-columns-111780b6\" class=\"wp-block-themeisle-blocks-advanced-columns alignfull has-2-columns has-desktop-equal-layout has-tablet-equal-layout has-mobile-collapsedRows-layout has-vertical-unset\"><div class=\"wp-block-themeisle-blocks-advanced-columns-overlay\"><\/div><div class=\"innerblocks-wrap\">\n<div id=\"wp-block-themeisle-blocks-advanced-column-8930753f\" class=\"wp-block-themeisle-blocks-advanced-column\">\n<figure class=\"wp-block-embed is-type-rich is-provider-spotify wp-block-embed-spotify wp-embed-aspect-21-9 wp-has-aspect-ratio\"><div class=\"wp-block-embed__wrapper\">\n<iframe title=\"Spotify Embed: RippleMix Audio - Selected work\" style=\"border-radius: 12px\" width=\"100%\" height=\"352\" frameborder=\"0\" allowfullscreen allow=\"autoplay; clipboard-write; encrypted-media; fullscreen; picture-in-picture\" loading=\"lazy\" src=\"https:\/\/open.spotify.com\/embed\/playlist\/2mt3omwkJLG7nfYzOYmXAU?si=8f721d543ce34e2d&#038;utm_source=oembed\"><\/iframe>\n<\/div><\/figure>\n<\/div>\n\n\n\n<div id=\"wp-block-themeisle-blocks-advanced-column-f399eb17\" class=\"wp-block-themeisle-blocks-advanced-column\">\n<span id=\"wp-block-themeisle-blocks-advanced-heading-c9192ff1\" class=\"wp-block-themeisle-blocks-advanced-heading wp-block-themeisle-blocks-advanced-heading-c9192ff1\"><strong> Our portfolio<\/strong><\/span>\n\n\n\n<h2 id=\"wp-block-themeisle-blocks-advanced-heading-3027a865\" class=\"wp-block-themeisle-blocks-advanced-heading wp-block-themeisle-blocks-advanced-heading-3027a865\">OUR LATEST WORK<\/h2>\n\n\n\n<p class=\"has-neve-text-color-color has-text-color\">A Spotify playlist showcasing a selection of our latest work.<\/p>\n<\/div>\n<\/div><\/div>\n\n\n\n<div id=\"wp-block-themeisle-blocks-advanced-columns-e139ad04\" class=\"wp-block-themeisle-blocks-advanced-columns has-2-columns has-desktop-equal-layout has-tablet-equal-layout has-mobile-collapsedRows-layout has-vertical-unset\"><div class=\"wp-block-themeisle-blocks-advanced-columns-overlay\"><\/div><div class=\"innerblocks-wrap\">\n<div id=\"wp-block-themeisle-blocks-advanced-column-671c5d2a\" class=\"wp-block-themeisle-blocks-advanced-column\">\n<div id=\"wp-block-themeisle-blocks-flip-03410185\" class=\"wp-block-themeisle-blocks-flip anim flipY\"><div class=\"o-flip-inner\"><div class=\"o-flip-front\"><div class=\"o-flip-content\"><h3>Mix<\/h3><p>In mixing, we blend every part of your song with care. We adjust vocals, instruments, and effects to create a captivating sound that grabs listeners. Our goal is to make your music sound professional with a clear and detailed mix.<\/p><\/div><\/div><div class=\"o-flip-back\">\n<h3 class=\"wp-block-heading\">Price<\/h3>\n\n\n\n<p>We offer fixed prices of <strong>5000NOK<\/strong> per mix, with discounts available for EPs and albums.<\/p>\n\n\n\n<div class=\"wp-block-buttons is-content-justification-center is-layout-flex wp-container-core-buttons-is-layout-16018d1d wp-block-buttons-is-layout-flex\"><\/div>\n<\/div><\/div><\/div>\n<\/div>\n\n\n\n<div id=\"wp-block-themeisle-blocks-advanced-column-65cc4d19\" class=\"wp-block-themeisle-blocks-advanced-column\">\n<div id=\"wp-block-themeisle-blocks-flip-7a3bfce8\" class=\"wp-block-themeisle-blocks-flip anim flipY\"><div class=\"o-flip-inner\"><div class=\"o-flip-front\"><div class=\"o-flip-content\"><h3>Master<\/h3><p>In mastering, we refine your song&#8217;s sound, adjusting volume, balance, and tone to ensure it&#8217;s industry-ready. By staying abreast of industry trends, we deliver a master that meets professional standards.<\/p><\/div><\/div><div class=\"o-flip-back\">\n<h3 class=\"wp-block-heading\">Price<\/h3>\n\n\n\n<p>Our mastering service is priced at <strong>1000NOK<\/strong> per master, with discounts offered for albums.<\/p>\n\n\n\n<div class=\"wp-block-buttons is-content-justification-center is-layout-flex wp-container-core-buttons-is-layout-16018d1d wp-block-buttons-is-layout-flex\"><\/div>\n<\/div><\/div><\/div>\n<\/div>\n<\/div><\/div>\n\n\n\n<div id=\"wp-block-themeisle-blocks-advanced-columns-799651b4\" class=\"wp-block-themeisle-blocks-advanced-columns alignfull has-2-columns has-desktop-equal-layout has-tablet-equal-layout has-mobile-collapsedRows-layout has-vertical-unset has-light-bg\"><div class=\"wp-block-themeisle-blocks-advanced-columns-overlay\"><\/div><div class=\"innerblocks-wrap\">\n<div id=\"wp-block-themeisle-blocks-advanced-column-faafa242\" class=\"wp-block-themeisle-blocks-advanced-column\">\n<h4 id=\"wp-block-themeisle-blocks-advanced-heading-b760ce3f\" class=\"wp-block-themeisle-blocks-advanced-heading wp-block-themeisle-blocks-advanced-heading-b760ce3f\"> <strong>LIKE OUR work?<\/strong><\/h4>\n\n\n\n<h2 id=\"wp-block-themeisle-blocks-advanced-heading-a917766c\" class=\"wp-block-themeisle-blocks-advanced-heading wp-block-themeisle-blocks-advanced-heading-a917766c\"> Follow us on instagram and spotify<\/h2>\n<\/div>\n\n\n\n<div id=\"wp-block-themeisle-blocks-advanced-column-aeaf6456\" class=\"wp-block-themeisle-blocks-advanced-column\">\n<div class=\"wp-block-group\"><div class=\"wp-block-group__inner-container is-layout-constrained wp-block-group-is-layout-constrained\">\n<div id=\"wp-block-themeisle-blocks-button-group-8f758ad6\" class=\"wp-block-themeisle-blocks-button-group collapse-mobile wp-block-buttons align-center-desktop\">\n<div id=\"wp-block-themeisle-blocks-button-cdb88e58\" class=\"wp-block-themeisle-blocks-button wp-block-button\"><a href=\"https:\/\/open.spotify.com\/playlist\/2mt3omwkJLG7nfYzOYmXAU\" target=\"_blank\" rel=\"noopener noreferrer\" class=\"wp-block-button__link\"><i class=\"fab fa-fw fa-spotify margin-right\"><\/i><span>SPOTIFY<\/span><\/a><\/div>\n\n\n\n<div id=\"wp-block-themeisle-blocks-button-8754ad63\" class=\"wp-block-themeisle-blocks-button wp-block-button\"><a href=\"\/nb\/instagram.com\/ripplemixaudio\/\" target=\"_blank\" rel=\"noopener noreferrer\" class=\"wp-block-button__link\"><i class=\"fab fa-fw fa-instagram margin-right\"><\/i><span>Instagram<\/span><\/a><\/div>\n<\/div>\n<\/div><\/div>\n<\/div>\n<\/div><\/div>\n\n\n\n<div class=\"wp-block-columns is-layout-flex wp-container-core-columns-is-layout-9d6595d7 wp-block-columns-is-layout-flex\">\n<div class=\"wp-block-column is-layout-flow wp-block-column-is-layout-flow\">\n<div id=\"wp-block-themeisle-blocks-advanced-columns-649f052a\" class=\"wp-block-themeisle-blocks-advanced-columns has-1-columns has-desktop-equal-layout has-tablet-equal-layout has-mobile-equal-layout has-vertical-unset\"><div class=\"wp-block-themeisle-blocks-advanced-columns-overlay\"><\/div><div class=\"innerblocks-wrap\">\n<div id=\"wp-block-themeisle-blocks-advanced-column-1c77aa61\" class=\"wp-block-themeisle-blocks-advanced-column\">\n<div id=\"wp-block-themeisle-blocks-advanced-columns-40db0924\" class=\"wp-block-themeisle-blocks-advanced-columns alignfull has-2-columns has-desktop-equal-layout has-tablet-equal-layout has-mobile-collapsedRows-layout has-vertical-top ticss-c00aadba has-light-bg\"><div class=\"wp-block-themeisle-blocks-advanced-columns-overlay\"><\/div><div class=\"innerblocks-wrap\">\n<div id=\"wp-block-themeisle-blocks-advanced-column-006aede9\" class=\"wp-block-themeisle-blocks-advanced-column\">\n<div id=\"wp-block-themeisle-blocks-font-awesome-icons-2b7e7997\" class=\"wp-block-themeisle-blocks-font-awesome-icons\"><span class=\"wp-block-themeisle-blocks-font-awesome-icons-container\"><svg xmlns=\"http:\/\/www.w3.org\/2000\/svg\" viewbox=\"0 0 1800 1800\"><path d=\"M531.087,344.727c0.247,0,0.492,0.033,0.739,0.033h453.558c16.819,0,30.444-13.625,30.444-30.436 c0-16.815-13.625-30.435-30.444-30.435H638.226H531.826c-16.811,0-30.44,13.62-30.44,30.435 C501.386,330.885,514.624,344.331,531.087,344.727z\"><\/path><path d=\"M531.826,497.389h749.422c16.814,0,30.443-13.629,30.443-30.439c0-16.814-13.629-30.439-30.443-30.439 H531.826c-16.811,0-30.44,13.625-30.44,30.439C501.386,483.76,515.016,497.389,531.826,497.389z\"><\/path><path d=\"M531.826,650.009h749.422c16.814,0,30.443-13.633,30.443-30.444c0-8.872-3.822-16.827-9.877-22.389 c-5.424-4.982-12.625-8.046-20.566-8.046H531.826c-7.938,0-15.143,3.064-20.567,8.046c-6.054,5.562-9.873,13.517-9.873,22.389 C501.386,636.376,515.016,650.009,531.826,650.009z\"><\/path><path d=\"M1311.691,772.194c0-16.806-13.629-30.436-30.443-30.436H531.826c-16.811,0-30.44,13.629-30.44,30.436 c0,16.815,13.629,30.444,30.44,30.444h749.422C1298.063,802.638,1311.691,789.009,1311.691,772.194z\"><\/path><path d=\"M1772.088,533.511c-2.481-3.422-5.691-6.4-9.603-8.622l-246.454-139.961v-82.389v-9.853 c-1.264-7.738-5.432-14.501-11.406-19.066l-49.465-42.835l-131.073-113.508l-61.889-53.596c-5.286-4.582-11.866-7.021-18.591-7.275 h-2.197H937.55h-66.904H383.746c-47.809,0-86.705,38.895-86.705,86.696V382.15L61.554,515.893 c-31.678,11.565-54.396,41.913-54.396,77.54v1067.543c0,45.554,37.064,82.618,82.622,82.618h1625.598 c45.558,0,82.623-37.064,82.623-82.618V593.433C1798,569.839,1788.002,548.583,1772.088,533.511z M1614.426,510.814l92.579,52.583 l-11.661,8.301l-179.313,127.664V571.698v-60.883v-55.873L1614.426,510.814z M1405.5,267.454h-132.895V152.361L1405.5,267.454z M357.922,571.698v-60.883v-93.226v-70.01V143.102c0-14.239,11.585-25.825,25.824-25.825h379.699H886.73h34.734h123.285h167.617 v180.296c0,16.631,13.483,30.11,30.119,30.11h212.674v22.668v70.015v90.448v60.883V742.7l-397.298,282.87l-50.781,36.148 l-18.591,13.241l-81.088,57.728l-81.093-57.728l-18.611-13.25l-50.782-36.155L357.922,741.483V571.698z M193.76,510.814 l103.281-58.649v58.649v60.883V698.14L119.448,571.698l-14.597-10.395L193.76,510.814z M68.036,1648.984V609.822l229.005,163.047 l60.88,43.344L710.7,1067.38l-8.372,7.58l-67.267,60.871L68.036,1648.984z M121.495,1682.723l604.294-546.892l35.693-32.304 l45.37,32.304l82.897,59.028c5.283,3.76,11.462,5.637,17.653,5.637c6.187,0,12.369-1.877,17.652-5.637l82.889-59.028l45.354-32.286 l35.686,32.286l604.311,546.892H121.495z M1737.119,1640.271l-557.41-504.439l-67.267-60.871l-8.359-7.563l351.077-249.962 l60.871-43.348l221.088-157.407V1640.271z\"><\/path><\/svg><\/span><\/div>\n\n\n\n<h2 id=\"wp-block-themeisle-blocks-advanced-heading-8e35b90f\" class=\"wp-block-themeisle-blocks-advanced-heading wp-block-themeisle-blocks-advanced-heading-8e35b90f\">Send us a message!<\/h2>\n\n\n\n<p>Connect with us directly for inquiries, collaborations, or to discuss your project needs.<\/p>\n\n\n\n<div id=\"wp-block-themeisle-blocks-icon-list-dfc1fb3a\" class=\"wp-block-themeisle-blocks-icon-list\">\n<div id=\"wp-block-themeisle-blocks-icon-list-item-648b3a6e\" class=\"wp-block-themeisle-blocks-icon-list-item\"><i class=\"far fa-envelope wp-block-themeisle-blocks-icon-list-item-icon\"><\/i><p class=\"wp-block-themeisle-blocks-icon-list-item-content\">studio@ripplemixaudio.com<\/p><\/div>\n\n\n\n<div id=\"wp-block-themeisle-blocks-icon-list-item-d4eec3f8\" class=\"wp-block-themeisle-blocks-icon-list-item\"><i class=\"fas fa-map-marker-alt wp-block-themeisle-blocks-icon-list-item-icon\"><\/i><p class=\"wp-block-themeisle-blocks-icon-list-item-content\">Christian Krohgs gate 2<\/p><\/div>\n<\/div>\n\n\n\n<div id=\"wp-block-themeisle-blocks-advanced-columns-7a5f9f4a\" class=\"wp-block-themeisle-blocks-advanced-columns has-2-columns has-desktop-equal-layout has-tablet-equal-layout has-mobile-collapsedRows-layout has-vertical-bottom\"><div class=\"wp-block-themeisle-blocks-advanced-columns-overlay\"><\/div><div class=\"innerblocks-wrap\">\n<div id=\"wp-block-themeisle-blocks-advanced-column-99f15b90\" class=\"wp-block-themeisle-blocks-advanced-column\"><div class=\"wp-block-image\">\n<figure class=\"aligncenter size-full is-resized\"><img data-opt-src=\"https:\/\/mlt699vgzn0m.i.optimole.com\/w:auto\/h:auto\/q:mauto\/ig:avif\/https:\/\/ripplemixaudio.com\/wp-content\/uploads\/2024\/02\/Ripplemix_banner_transparent-edited.png\"  decoding=\"async\" width=\"4561\" height=\"1976\" src=\"data:image/svg+xml,%3Csvg%20viewBox%3D%220%200%20100%%20100%%22%20width%3D%22100%%22%20height%3D%22100%%22%20xmlns%3D%22http%3A%2F%2Fwww.w3.org%2F2000%2Fsvg%22%3E%3Crect%20width%3D%22100%%22%20height%3D%22100%%22%20fill%3D%22transparent%22%2F%3E%3C%2Fsvg%3E\" alt=\"\" class=\"wp-image-532\" style=\"width:341px;height:auto\" old-srcset=\"https:\/\/mlt699vgzn0m.i.optimole.com\/w:auto\/h:auto\/q:mauto\/ig:avif\/https:\/\/ripplemixaudio.com\/wp-content\/uploads\/2024\/02\/Ripplemix_banner_transparent-edited.png 4561w, https:\/\/mlt699vgzn0m.i.optimole.com\/w:300\/h:130\/q:mauto\/ig:avif\/https:\/\/ripplemixaudio.com\/wp-content\/uploads\/2024\/02\/Ripplemix_banner_transparent-edited.png 300w, https:\/\/mlt699vgzn0m.i.optimole.com\/w:1024\/h:444\/q:mauto\/ig:avif\/https:\/\/ripplemixaudio.com\/wp-content\/uploads\/2024\/02\/Ripplemix_banner_transparent-edited.png 1024w, https:\/\/mlt699vgzn0m.i.optimole.com\/w:768\/h:333\/q:mauto\/ig:avif\/https:\/\/ripplemixaudio.com\/wp-content\/uploads\/2024\/02\/Ripplemix_banner_transparent-edited.png 768w, https:\/\/mlt699vgzn0m.i.optimole.com\/w:1536\/h:665\/q:mauto\/ig:avif\/https:\/\/ripplemixaudio.com\/wp-content\/uploads\/2024\/02\/Ripplemix_banner_transparent-edited.png 1536w, https:\/\/mlt699vgzn0m.i.optimole.com\/w:1920\/h:831\/q:mauto\/ig:avif\/https:\/\/ripplemixaudio.com\/wp-content\/uploads\/2024\/02\/Ripplemix_banner_transparent-edited.png 2048w\" \/><\/figure>\n<\/div><\/div>\n\n\n\n<div id=\"wp-block-themeisle-blocks-advanced-column-f9049dae\" class=\"wp-block-themeisle-blocks-advanced-column\">\n<figure class=\"wp-block-image is-resized\"><a href=\"https:\/\/soundbetter.com\/profiles\/601724-ripplemix-audio\" target=\"_blank\" rel=\"noopener noreferrer\"><img decoding=\"async\" src=\"https:\/\/d2p6ecj15pyavq.cloudfront.net\/assets\/SoundBetterBadge-c84cb3e75c4267f5bee41f7f617a81d9.svg\" alt=\"RippleMix Audio, Mixing Engineer on SoundBetter\" style=\"width:172px;height:auto\"\/><\/a><\/figure>\n<\/div>\n<\/div><\/div>\n<\/div>\n\n\n\n<div id=\"wp-block-themeisle-blocks-advanced-column-ee3078f9\" class=\"wp-block-themeisle-blocks-advanced-column\">\n<div id=\"wp-block-themeisle-blocks-form-c02278c7\" class=\"wp-block-themeisle-blocks-form\" data-option-name=\"bf9b28ff82ce323187abc5d0feb0d8f07ecd8436_c02278c7\"><form class=\"otter-form__container\" action=\"\">\n<div id=\"wp-block-themeisle-blocks-form-input-b7bbe5bf\" class=\"wp-block-themeisle-blocks-form-input\"><label for=\"wp-block-themeisle-blocks-form-input-b7bbe5bf-input\" class=\"otter-form-input-label\"><span class=\"otter-form-input-label__label\">Name<\/span><span class=\"required\">*<\/span><\/label><input type=\"text\" id=\"wp-block-themeisle-blocks-form-input-b7bbe5bf-input\" required class=\"otter-form-input\"\/><\/div>\n\n\n\n<div id=\"wp-block-themeisle-blocks-form-input-6cf151a8\" class=\"wp-block-themeisle-blocks-form-input\"><label for=\"wp-block-themeisle-blocks-form-input-6cf151a8-input\" class=\"otter-form-input-label\"><span class=\"otter-form-input-label__label\">Email<\/span><span class=\"required\">*<\/span><\/label><input type=\"email\" id=\"wp-block-themeisle-blocks-form-input-6cf151a8-input\" required class=\"otter-form-input\"\/><\/div>\n\n\n\n<div id=\"wp-block-themeisle-blocks-form-textarea-516ebef1\" class=\"wp-block-themeisle-blocks-form-textarea\"><label for=\"wp-block-themeisle-blocks-form-textarea-516ebef1-input\" class=\"otter-form-textarea-label\"><span class=\"otter-form-textarea-label__label\">Message<\/span><\/label><textarea id=\"wp-block-themeisle-blocks-form-textarea-516ebef1-input\" rows=\"10\" class=\"otter-form-textarea-input\"><\/textarea><\/div>\n\n\n\n<p class=\"has-extra-small-font-size\">You agree to receive email communication from us by submitting this form.<\/p>\n\n\n<div class=\"protection\" aria-hidden=\"true\"><input type=\"hidden\" id=\"wp-block-themeisle-blocks-form-c02278c7_nonce_field\" name=\"wp-block-themeisle-blocks-form-c02278c7_nonce_field\" value=\"5eae08c9df\" \/><input type=\"hidden\" name=\"_wp_http_referer\" value=\"\/nb\/wp-json\/wp\/v2\/pages\/51\" \/><input class=\"o-anti-bot\" type=\"checkbox\"><\/div><div class=\"wp-block-button\"><button class=\"wp-block-button__link\" type=\"submit\">Submit<\/button><\/div><input type=\"hidden\" name=\"trp-form-language\" value=\"nb\"\/><\/form><\/div>\n<\/div>\n<\/div><\/div>\n<\/div>\n<\/div><\/div>\n<\/div>\n<\/div>","protected":false},"excerpt":{"rendered":"","protected":false},"author":1,"featured_media":486,"parent":0,"menu_order":0,"comment_status":"closed","ping_status":"closed","template":"page-templates\/template-pagebuilder-full-width.php","meta":{"neve_meta_sidebar":"full-width","neve_meta_container":"contained","neve_meta_enable_content_width":"on","neve_meta_content_width":100,"neve_meta_title_alignment":"left","neve_meta_author_avatar":"","neve_post_elements_order":"","neve_meta_disable_header":"off","neve_meta_disable_footer":"off","neve_meta_disable_title":"off","_themeisle_gutenberg_block_has_review":false,"_ti_tpc_template_sync":false,"_ti_tpc_template_id":"bnk1kx6ucut8dg6sid50","footnotes":""},"class_list":["post-51","page","type-page","status-publish","has-post-thumbnail","hentry"],"_links":{"self":[{"href":"https:\/\/ripplemixaudio.com\/nb\/wp-json\/wp\/v2\/pages\/51","targetHints":{"allow":["GET"]}}],"collection":[{"href":"https:\/\/ripplemixaudio.com\/nb\/wp-json\/wp\/v2\/pages"}],"about":[{"href":"https:\/\/ripplemixaudio.com\/nb\/wp-json\/wp\/v2\/types\/page"}],"author":[{"embeddable":true,"href":"https:\/\/ripplemixaudio.com\/nb\/wp-json\/wp\/v2\/users\/1"}],"replies":[{"embeddable":true,"href":"https:\/\/ripplemixaudio.com\/nb\/wp-json\/wp\/v2\/comments?post=51"}],"version-history":[{"count":42,"href":"https:\/\/ripplemixaudio.com\/nb\/wp-json\/wp\/v2\/pages\/51\/revisions"}],"predecessor-version":[{"id":547,"href":"https:\/\/ripplemixaudio.com\/nb\/wp-json\/wp\/v2\/pages\/51\/revisions\/547"}],"wp:featuredmedia":[{"embeddable":true,"href":"https:\/\/ripplemixaudio.com\/nb\/wp-json\/wp\/v2\/media\/486"}],"wp:attachment":[{"href":"https:\/\/ripplemixaudio.com\/nb\/wp-json\/wp\/v2\/media?parent=51"}],"curies":[{"name":"wp","href":"https:\/\/api.w.org\/{rel}","templated":true}]}}